{"id":2,"date":"2026-03-12T20:16:40","date_gmt":"2026-03-12T20:16:40","guid":{"rendered":"http:\/\/lerefuge-soinsholistiques.be\/?page_id=2"},"modified":"2026-05-12T09:00:17","modified_gmt":"2026-05-12T07:00:17","slug":"sample-page","status":"publish","type":"page","link":"https:\/\/lerefuge-soinsholistiques.be\/?page_id=2","title":{"rendered":"Qui Suis-je?"},"content":{"rendered":"\n<p><\/p>\n\n\n<div class=\"wp-block-image\">\n<figure class=\"aligncenter size-large is-resized\"><img loading=\"lazy\" decoding=\"async\" width=\"849\" height=\"1024\" src=\"http:\/\/lerefuge-soinsholistiques.be\/wp-content\/uploads\/2026\/03\/Logo-Fab1-849x1024.png\" alt=\"\" class=\"wp-image-107\" style=\"aspect-ratio:0.8291178285009253;width:72px;height:auto\" srcset=\"https:\/\/lerefuge-soinsholistiques.be\/wp-content\/uploads\/2026\/03\/Logo-Fab1-849x1024.png 849w, https:\/\/lerefuge-soinsholistiques.be\/wp-content\/uploads\/2026\/03\/Logo-Fab1-249x300.png 249w, https:\/\/lerefuge-soinsholistiques.be\/wp-content\/uploads\/2026\/03\/Logo-Fab1-768x927.png 768w, https:\/\/lerefuge-soinsholistiques.be\/wp-content\/uploads\/2026\/03\/Logo-Fab1-1273x1536.png 1273w, https:\/\/lerefuge-soinsholistiques.be\/wp-content\/uploads\/2026\/03\/Logo-Fab1-1140x1376.png 1140w, https:\/\/lerefuge-soinsholistiques.be\/wp-content\/uploads\/2026\/03\/Logo-Fab1.png 1523w\" sizes=\"auto, (max-width: 849px) 100vw, 849px\" \/><\/figure>\n<\/div>\n\n\n<p><\/p>\n\n\n<div class=\"wp-block-image\">\n<figure class=\"aligncenter size-full is-resized\"><img loading=\"lazy\" decoding=\"async\" width=\"617\" height=\"388\" src=\"http:\/\/lerefuge-soinsholistiques.be\/wp-content\/uploads\/2026\/04\/IMG_20260421_095319.jpg\" alt=\"\" class=\"wp-image-456\" style=\"width:491px;height:auto\" srcset=\"https:\/\/lerefuge-soinsholistiques.be\/wp-content\/uploads\/2026\/04\/IMG_20260421_095319.jpg 617w, https:\/\/lerefuge-soinsholistiques.be\/wp-content\/uploads\/2026\/04\/IMG_20260421_095319-300x189.jpg 300w\" sizes=\"auto, (max-width: 617px) 100vw, 617px\" \/><\/figure>\n<\/div>\n\n\n<p><\/p>\n\n\n\n<p><\/p>\n\n\n\n<p>Je suis <strong>Fabien No\u00ebl<\/strong>, <strong>kin\u00e9sith\u00e9rapeute <\/strong>praticien en <strong>soins holistiques<\/strong>. <\/p>\n\n\n\n<p>J\u2019accompagne les personnes au travers de s\u00e9ances de <strong>kin\u00e9sith\u00e9rapie<\/strong>, de <strong>soins holistiques <\/strong>et de <strong>massages <\/strong>en <strong>r\u00e9flexologie plantaire<\/strong>.<\/p>\n\n\n\n<p>Je propose \u00e9galement des accompagnements personnalis\u00e9s d&#8217;<strong>exposition au froid en pleine nature<\/strong>, des <strong>ateliers<\/strong> collectifs centr\u00e9s autour de diff\u00e9rentes th\u00e9matiques (bien-\u00eatre, autonomie, relaxation, mouvement, respiration, etc), des <strong>r\u00e9\u00e9quilibrages <\/strong>de lieu de vie (g\u00e9obiologie), des <strong>retraites<\/strong>&#8230;<\/p>\n\n\n\n<p>Pratiquement, vous avez le <strong>choix d&#8217;orienter <\/strong>le <strong>soin <\/strong>sp\u00e9cifiquement au moment du rendez-vous ou en d\u00e9but de s\u00e9ance vers la <strong>kin\u00e9sith\u00e9rapie<\/strong>, le <strong>soin holistique <\/strong>ou le <strong>massage r\u00e9flexologique<\/strong>.<\/p>\n\n\n\n<p>Mon <strong>parcours <\/strong>a d\u00e9but\u00e9 par des \u00e9tudes d&#8217;Education Physique puis de Kin\u00e9sith\u00e9rapie, qui m\u2019ont permis de d\u00e9velopper une compr\u00e9hension approfondie du <strong>corps<\/strong>, de son fonctionnement et de ses besoins. Au fil du temps, j\u2019ai ressenti le besoin d\u2019<strong>\u00e9largir <\/strong>cette approche au travers de multiples formations pour int\u00e9grer d&#8217;autres outils en lien avec les dimensions <strong>\u00e9motionnelles <\/strong>et <strong>\u00e9nerg\u00e9tiques<\/strong>, afin d\u00eatre plus <strong>global <\/strong>et <strong>complet<\/strong> dans mon approche.<\/p>\n\n\n\n<p style=\"font-size:32px\">Mon approche<\/p>\n\n\n\n<p>Mon <strong>approche <\/strong>prend en compte la globalit\u00e9 de ce que repr\u00e9sente l&#8217;\u00eatre humain : le corps, l\u2019esprit, l&#8217;\u00e2me, les \u00e9motions, les m\u00e9moires, les lign\u00e9es familiales, le lieu de vie&#8230;<\/p>\n\n\n\n<p>En effet, \u00e9tant des \u00eatres interconnect\u00e9s dans la sph\u00e8re du vivant, chaque \u00e9l\u00e9ment qui nous constitue est en lien \u00e9troit avec nos corps et ce qui nous entoure, dans chaque monde (animal, v\u00e9g\u00e9tal, min\u00e9ral), chaque \u00e9l\u00e9ment (eau, feu, air, terre, \u00e9ther), au travers de notre environnement de vie global.<\/p>\n\n\n\n<p>Je travaille en prenant en compte votre demande et en suivant le fil de vos besoins en me basant sur une <strong>\u00e9coute<\/strong> du trio corps-mental-\u00e2me, en m\u2019<strong>adaptant<\/strong> \u00e0 ce qui est juste pour vous, au <strong>moment pr\u00e9sent<\/strong>. <\/p>\n\n\n\n<p>\ud83e\udd0d Chaque s\u00e9ance est un espace de transformation et un moment pour se <strong>d\u00e9poser<\/strong>, <strong>rel\u00e2cher <\/strong>les tensions, <strong>apaiser <\/strong>le syst\u00e8me nerveux, se <strong>reconnecter <\/strong>\u00e0 ses ressentis, retrouver un <strong>\u00e9quilibre <\/strong>plus global.<\/p>\n\n\n\n<p style=\"font-size:32px\">Dipl\u00f4mes &#8211; formations <\/p>\n\n\n\n<ul class=\"wp-block-list\">\n<li>Dipl\u00f4mes universitaires (UCL) en <strong>Education Physique<\/strong> (2007) et en <strong>Kin\u00e9sith\u00e9rapie<\/strong> (2010) puis une <strong>sp\u00e9cialisation en neurologie<\/strong> (2012)<\/li>\n\n\n\n<li>R\u00e9flexologie plantaire\/palmaire (2013)<\/li>\n\n\n\n<li>G\u00e9obiologie (2014) <\/li>\n\n\n\n<li>Reiki (2014)<\/li>\n\n\n\n<li>Bio\u00e9nergie (2015)<\/li>\n\n\n\n<li>Kin\u00e9siologie (Brain Gym, Touch for Health, R\u00e9\u00e9quilibrage par les couleurs, Acupressure, etc) (2012-2018)<\/li>\n\n\n\n<li>Techniques chamaniques (2018 et en cours)<\/li>\n\n\n\n<li>Th\u00e9rapie manuelle (Institut Biokinergie \u00e0 Paris) (2022)<\/li>\n\n\n\n<li>Transe cognitive auto-induite (2023)<\/li>\n\n\n\n<li>Racinologie holistique (2025)<\/li>\n\n\n\n<li>Coach en th\u00e9rapie par contraste (exposition au froid et au chaud) \u00e0 l&#8217;Acad\u00e9mie Inspire en France (2026)<\/li>\n\n\n\n<li>En\u00e9agramme niveau 1 (2025) et niveau 2 (2026)<\/li>\n<\/ul>\n\n\n\n<p><\/p>\n\n\n\n<p>\ud83e\udd0d<strong>Le Refuge est n\u00e9 de cette intention :<\/strong><br><\/p>\n\n\n\n<p>Vous offrir un lieu o\u00f9 vous pouvez revenir \u00e0 l\u2019essentiel, en toute s\u00e9r\u00e9nit\u00e9. <\/p>\n\n\n\n<p>Ce nom fait \u00e0 la fois appel \u00e0 une notion d&#8217;espace ou de refuge dans lequel vous pouvez vous d\u00e9poser, mais l&#8217;id\u00e9e principale est de se reconnecter au Soi, \u00e0 son Refuge Int\u00e9rieur, et ainsi cr\u00e9er un espace de s\u00e9curit\u00e9, un espace d&#8217;\u00e9volution et de transformation. <\/p>\n\n\n\n<p>Si vous ressentez l\u2019appel de prendre un temps pour vous, je vous accueille avec pr\u00e9sence et justesse.<\/p>\n\n\n\n<p><\/p>\n\n\n\n<div class=\"wp-block-buttons is-content-justification-center is-layout-flex wp-container-core-buttons-is-layout-caf8aa2e wp-block-buttons-is-layout-flex\" style=\"margin-top:0;margin-bottom:0\">\n<div class=\"wp-block-button has-custom-width wp-block-button__width-50 is-style-outline is-style-outline--1\"><a class=\"wp-block-button__link has-text-color has-link-color has-small-font-size has-custom-font-size wp-element-button\" href=\"https:\/\/wa.me\/32498657657?text=Bonjour%20je%20souhaite%20prendre%20rendez-vous\" style=\"color:#ee3e2c;font-style:normal;font-weight:100\">Je r\u00e9serve mon rendez-vous<\/a><\/div>\n<\/div>\n\n\n\n<p class=\"has-medium-font-size\"><\/p>\n\n\n\n<p><\/p>\n","protected":false},"excerpt":{"rendered":"<p>Je suis Fabien No\u00ebl, kin\u00e9sith\u00e9rapeute praticien en soins holistiques. J\u2019accompagne les personnes au travers de s\u00e9ances de kin\u00e9sith\u00e9rapie, de soins holistiques et de massages en r\u00e9flexologie plantaire. Je propose \u00e9galement des accompagnements personnalis\u00e9s d&#8217;exposition au froid en pleine nature, des ateliers collectifs centr\u00e9s autour de diff\u00e9rentes th\u00e9matiques (bien-\u00eatre, autonomie, relaxation, mouvement, respiration, etc), des r\u00e9\u00e9quilibrages de lieu de vie (g\u00e9obiologie), des retraites&#8230; Pratiquement, vous avez le choix d&#8217;orienter le soin sp\u00e9cifiquement au moment du rendez-vous ou en d\u00e9but de s\u00e9ance vers la kin\u00e9sith\u00e9rapie, le soin holistique ou le massage r\u00e9flexologique. Mon parcours a d\u00e9but\u00e9 par des \u00e9tudes d&#8217;Education Physique puis de Kin\u00e9sith\u00e9rapie, qui m\u2019ont permis de d\u00e9velopper une compr\u00e9hension approfondie du corps, de son fonctionnement et de ses besoins. Au fil du temps, j\u2019ai ressenti le besoin d\u2019\u00e9largir cette approche au travers de multiples formations pour int\u00e9grer d&#8217;autres outils en lien avec les dimensions \u00e9motionnelles et \u00e9nerg\u00e9tiques, afin d\u00eatre plus global et complet dans mon approche. Mon approche Mon approche prend en compte la globalit\u00e9 de ce que repr\u00e9sente l&#8217;\u00eatre humain : le corps, l\u2019esprit, l&#8217;\u00e2me, les \u00e9motions, les m\u00e9moires, les lign\u00e9es familiales, le lieu de vie&#8230; En effet, \u00e9tant des \u00eatres interconnect\u00e9s dans la sph\u00e8re du vivant, chaque \u00e9l\u00e9ment qui nous constitue est en lien \u00e9troit avec nos corps et ce qui nous entoure, dans chaque monde (animal, v\u00e9g\u00e9tal, min\u00e9ral), chaque \u00e9l\u00e9ment (eau, feu, air, terre, \u00e9ther), au travers de notre environnement de vie global. Je travaille en prenant en compte votre demande et en suivant le fil de vos besoins en me basant sur une \u00e9coute du trio corps-mental-\u00e2me, en m\u2019adaptant \u00e0 ce qui est juste pour vous, au moment pr\u00e9sent. \ud83e\udd0d Chaque s\u00e9ance est un espace de transformation et un moment pour se d\u00e9poser, rel\u00e2cher les tensions, apaiser le syst\u00e8me nerveux, se reconnecter \u00e0 ses ressentis, retrouver un \u00e9quilibre plus global. Dipl\u00f4mes &#8211; formations \ud83e\udd0dLe Refuge est n\u00e9 de cette intention : Vous offrir un lieu o\u00f9 vous pouvez revenir \u00e0 l\u2019essentiel, en toute s\u00e9r\u00e9nit\u00e9. Ce nom fait \u00e0 la fois appel \u00e0 une notion d&#8217;espace ou de refuge dans lequel vous pouvez vous d\u00e9poser, mais l&#8217;id\u00e9e principale est de se reconnecter au Soi, \u00e0 son Refuge Int\u00e9rieur, et ainsi cr\u00e9er un espace de s\u00e9curit\u00e9, un espace d&#8217;\u00e9volution et de transformation. Si vous ressentez l\u2019appel de prendre un temps pour vous, je vous accueille avec pr\u00e9sence et justesse.<\/p>\n","protected":false},"author":1,"featured_media":0,"parent":0,"menu_order":0,"comment_status":"closed","ping_status":"open","template":"","meta":{"footnotes":""},"class_list":["post-2","page","type-page","status-publish","hentry"],"_links":{"self":[{"href":"https:\/\/lerefuge-soinsholistiques.be\/index.php?rest_route=\/wp\/v2\/pages\/2","targetHints":{"allow":["GET"]}}],"collection":[{"href":"https:\/\/lerefuge-soinsholistiques.be\/index.php?rest_route=\/wp\/v2\/pages"}],"about":[{"href":"https:\/\/lerefuge-soinsholistiques.be\/index.php?rest_route=\/wp\/v2\/types\/page"}],"author":[{"embeddable":true,"href":"https:\/\/lerefuge-soinsholistiques.be\/index.php?rest_route=\/wp\/v2\/users\/1"}],"replies":[{"embeddable":true,"href":"https:\/\/lerefuge-soinsholistiques.be\/index.php?rest_route=%2Fwp%2Fv2%2Fcomments&post=2"}],"version-history":[{"count":53,"href":"https:\/\/lerefuge-soinsholistiques.be\/index.php?rest_route=\/wp\/v2\/pages\/2\/revisions"}],"predecessor-version":[{"id":527,"href":"https:\/\/lerefuge-soinsholistiques.be\/index.php?rest_route=\/wp\/v2\/pages\/2\/revisions\/527"}],"wp:attachment":[{"href":"https:\/\/lerefuge-soinsholistiques.be\/index.php?rest_route=%2Fwp%2Fv2%2Fmedia&parent=2"}],"curies":[{"name":"wp","href":"https:\/\/api.w.org\/{rel}","templated":true}]}}