{"id":35,"date":"2026-03-19T21:04:53","date_gmt":"2026-03-19T21:04:53","guid":{"rendered":"https:\/\/lerefuge-soinsholistiques.be\/?page_id=35"},"modified":"2026-05-13T17:29:00","modified_gmt":"2026-05-13T15:29:00","slug":"agenda","status":"publish","type":"page","link":"https:\/\/lerefuge-soinsholistiques.be\/?page_id=35","title":{"rendered":"Agenda"},"content":{"rendered":"<div class=\"wp-block-image\">\n<figure class=\"aligncenter size-large is-resized\"><img loading=\"lazy\" decoding=\"async\" width=\"849\" height=\"1024\" src=\"http:\/\/lerefuge-soinsholistiques.be\/wp-content\/uploads\/2026\/03\/Logo-Fab1-849x1024.png\" alt=\"\" class=\"wp-image-107\" style=\"aspect-ratio:0.8291178285009253;width:100px;height:auto\" srcset=\"https:\/\/lerefuge-soinsholistiques.be\/wp-content\/uploads\/2026\/03\/Logo-Fab1-849x1024.png 849w, https:\/\/lerefuge-soinsholistiques.be\/wp-content\/uploads\/2026\/03\/Logo-Fab1-249x300.png 249w, https:\/\/lerefuge-soinsholistiques.be\/wp-content\/uploads\/2026\/03\/Logo-Fab1-768x927.png 768w, https:\/\/lerefuge-soinsholistiques.be\/wp-content\/uploads\/2026\/03\/Logo-Fab1-1273x1536.png 1273w, https:\/\/lerefuge-soinsholistiques.be\/wp-content\/uploads\/2026\/03\/Logo-Fab1-1140x1376.png 1140w, https:\/\/lerefuge-soinsholistiques.be\/wp-content\/uploads\/2026\/03\/Logo-Fab1.png 1523w\" sizes=\"auto, (max-width: 849px) 100vw, 849px\" \/><\/figure>\n<\/div>\n\n\n<p>Dimanche 17 mai : journ\u00e9e de soins \u00e0 Saint-C\u00e9cile.<\/p>\n\n\n\n<p>Jeudi 21 mai 2026 : Atelier Pr\u00e9sence Fertile \u00e0 Namur de 9h30 \u00e0 12h, en partenariat avec Le petit potager de la Chapelle. Infos et inscriptions <a href=\"https:\/\/lepetitpotagerchapelle.com\/2026\/04\/01\/ateliers-presence-fertile\/\">ici<\/a>.<\/p>\n\n\n\n<p>Jeudi 28 mai 2026 : journ\u00e9e de soins \u00e0 Jodoigne. <\/p>\n\n\n\n<p><\/p>\n\n\n\n<p><\/p>\n","protected":false},"excerpt":{"rendered":"<p>Dimanche 17 mai : journ\u00e9e de soins \u00e0 Saint-C\u00e9cile. Jeudi 21 mai 2026 : Atelier Pr\u00e9sence Fertile \u00e0 Namur de 9h30 \u00e0 12h, en partenariat avec Le petit potager de la Chapelle. Infos et inscriptions ici. Jeudi 28 mai 2026 : journ\u00e9e de soins \u00e0 Jodoigne.<\/p>\n","protected":false},"author":1,"featured_media":0,"parent":0,"menu_order":0,"comment_status":"closed","ping_status":"closed","template":"","meta":{"footnotes":""},"class_list":["post-35","page","type-page","status-publish","hentry"],"_links":{"self":[{"href":"https:\/\/lerefuge-soinsholistiques.be\/index.php?rest_route=\/wp\/v2\/pages\/35","targetHints":{"allow":["GET"]}}],"collection":[{"href":"https:\/\/lerefuge-soinsholistiques.be\/index.php?rest_route=\/wp\/v2\/pages"}],"about":[{"href":"https:\/\/lerefuge-soinsholistiques.be\/index.php?rest_route=\/wp\/v2\/types\/page"}],"author":[{"embeddable":true,"href":"https:\/\/lerefuge-soinsholistiques.be\/index.php?rest_route=\/wp\/v2\/users\/1"}],"replies":[{"embeddable":true,"href":"https:\/\/lerefuge-soinsholistiques.be\/index.php?rest_route=%2Fwp%2Fv2%2Fcomments&post=35"}],"version-history":[{"count":8,"href":"https:\/\/lerefuge-soinsholistiques.be\/index.php?rest_route=\/wp\/v2\/pages\/35\/revisions"}],"predecessor-version":[{"id":530,"href":"https:\/\/lerefuge-soinsholistiques.be\/index.php?rest_route=\/wp\/v2\/pages\/35\/revisions\/530"}],"wp:attachment":[{"href":"https:\/\/lerefuge-soinsholistiques.be\/index.php?rest_route=%2Fwp%2Fv2%2Fmedia&parent=35"}],"curies":[{"name":"wp","href":"https:\/\/api.w.org\/{rel}","templated":true}]}}