{"id":37,"date":"2026-03-19T21:05:01","date_gmt":"2026-03-19T21:05:01","guid":{"rendered":"https:\/\/lerefuge-soinsholistiques.be\/?page_id=37"},"modified":"2026-05-13T17:28:03","modified_gmt":"2026-05-13T15:28:03","slug":"contact","status":"publish","type":"page","link":"https:\/\/lerefuge-soinsholistiques.be\/?page_id=37","title":{"rendered":"Contact"},"content":{"rendered":"\n<p>Vous ressentez le besoin de prendre un moment pour vous (s\u00e9ance de kin\u00e9sith\u00e9rapie, soins holistiques, massage en r\u00e9flexologie, exposition au chaud-froid, r\u00e9\u00e9quilibrage de votre lieu de vie, ateliers, retraite,&#8230;), ou vous souhaitez en savoir plus sur les accompagnements propos\u00e9s, quels qu&#8217;ils soient ? Je suis \u00e0 votre \u00e9coute pour r\u00e9pondre \u00e0 vos questions et vous orienter au mieux selon vos besoins. <\/p>\n\n\n\n<p>N&#8217;h\u00e9sitez pas \u00e0 m&#8217;\u00e9crire, m\u00eame pour une simple question, je me tiendrai disponible pour vous !<\/p>\n\n\n\n<p class=\"has-medium-font-size\">\ud83d\udcde +32498657657<\/p>\n\n\n\n<p>\ud83d\udce9 <a>contact@lerefuge-soinsholistiques.be<\/a><\/p>\n\n\n\n<div class=\"wp-block-buttons is-content-justification-center is-layout-flex wp-container-core-buttons-is-layout-a89b3969 wp-block-buttons-is-layout-flex\">\n<div class=\"wp-block-button is-style-outline is-style-outline--1\"><a class=\"wp-block-button__link has-text-color has-link-color has-text-align-center wp-element-button\" href=\"https:\/\/wa.me\/32498657657?text=Bonjour%2C%20je%20souhaite%20prendre%20rendez-vous%20pour%20un%20soin%20holistique.%20Merci\" style=\"color:#de3e2c\">Prendre rendez-vous<\/a><\/div>\n<\/div>\n\n\n\n<h3 class=\"wp-block-heading\">Lieux de consultation<\/h3>\n\n\n\n<blockquote class=\"wp-block-quote is-layout-flow wp-block-quote-is-layout-flow\">\n<p>Je vous accueille dans diff\u00e9rents espaces apaisants : <\/p>\n<\/blockquote>\n\n\n\n<ul class=\"wp-block-list\">\n<li>\ud83c\udf3f Au cabinet principal situ\u00e9 au 127 rue pont-\u00e0-nole 6032 \u00e0 Mont-sur-Marchienne<\/li>\n\n\n\n<li>\ud83c\udf3f \u00c0 Jodoigne (le premier mardi de chaque mois)<\/li>\n\n\n\n<li>\ud83c\udf3f \u00c0 Braine l&#8217;Alleud une fois par mois<\/li>\n\n\n\n<li>\ud83c\udf3f \u00c0 Sainte-C\u00e9cile \u2013 Donatsano (un w-e par mois)<\/li>\n<\/ul>\n\n\n\n<blockquote class=\"wp-block-quote is-layout-flow wp-block-quote-is-layout-flow\">\n<p>Le lieu exact est confirm\u00e9 lors de la prise de rendez-vous. R\u00e9ponse dans les 24h.<\/p>\n<\/blockquote>\n\n\n\n<h3 class=\"wp-block-heading\">Rester inform\u00e9(e)<\/h3>\n\n\n\n<p>Recevez les prochaines dates d\u2019ateliers et des inspirations pour prendre soin de vous \ud83c\udf3f<\/p>\n\n\n\n<div class=\"wp-block-buttons is-content-justification-center is-layout-flex wp-container-core-buttons-is-layout-a89b3969 wp-block-buttons-is-layout-flex\">\n<div class=\"wp-block-button is-style-outline is-style-outline--2\"><a class=\"wp-block-button__link has-text-color has-link-color wp-element-button\" href=\"https:\/\/fd5b157a.sibforms.com\/serve\/MUIFACVc7fwaqW_nX8Vlp-RSU8TvDk8UQtkUviZUeM8J6PKReUyPVQuODz2NS9kLzAK51sdl8kw2bAKWY5OBhKVB99hAqf4PT71zcthiJTWyJPTc-CqTL5eD9ecsGaMg6hMCVQN3YbJCpiyTa2NLIIySvqjPhT0Q4VxU0uhM8oLYiXmxrqkmFPhX9b5CD4GFbHqMBMWGM2iZFvnrHQ==\" style=\"color:#de3e2c\">Je reste inform\u00e9(e)<\/a><\/div>\n<\/div>\n\n\n<div class=\"wp-block-image\">\n<figure class=\"aligncenter size-large is-resized\"><img loading=\"lazy\" decoding=\"async\" width=\"849\" height=\"1024\" src=\"http:\/\/lerefuge-soinsholistiques.be\/wp-content\/uploads\/2026\/03\/Logo-Fab1-849x1024.png\" alt=\"\" class=\"wp-image-107\" style=\"aspect-ratio:0.8291178285009253;width:134px;height:auto\" srcset=\"https:\/\/lerefuge-soinsholistiques.be\/wp-content\/uploads\/2026\/03\/Logo-Fab1-849x1024.png 849w, https:\/\/lerefuge-soinsholistiques.be\/wp-content\/uploads\/2026\/03\/Logo-Fab1-249x300.png 249w, https:\/\/lerefuge-soinsholistiques.be\/wp-content\/uploads\/2026\/03\/Logo-Fab1-768x927.png 768w, https:\/\/lerefuge-soinsholistiques.be\/wp-content\/uploads\/2026\/03\/Logo-Fab1-1273x1536.png 1273w, https:\/\/lerefuge-soinsholistiques.be\/wp-content\/uploads\/2026\/03\/Logo-Fab1-1140x1376.png 1140w, https:\/\/lerefuge-soinsholistiques.be\/wp-content\/uploads\/2026\/03\/Logo-Fab1.png 1523w\" sizes=\"auto, (max-width: 849px) 100vw, 849px\" \/><\/figure>\n<\/div>\n\n\n<p><\/p>\n","protected":false},"excerpt":{"rendered":"<p>Vous ressentez le besoin de prendre un moment pour vous (s\u00e9ance de kin\u00e9sith\u00e9rapie, soins holistiques, massage en r\u00e9flexologie, exposition au chaud-froid, r\u00e9\u00e9quilibrage de votre lieu de vie, ateliers, retraite,&#8230;), ou vous souhaitez en savoir plus sur les accompagnements propos\u00e9s, quels qu&#8217;ils soient ? Je suis \u00e0 votre \u00e9coute pour r\u00e9pondre \u00e0 vos questions et vous orienter au mieux selon vos besoins. N&#8217;h\u00e9sitez pas \u00e0 m&#8217;\u00e9crire, m\u00eame pour une simple question, je me tiendrai disponible pour vous ! \ud83d\udcde +32498657657 \ud83d\udce9 contact@lerefuge-soinsholistiques.be Lieux de consultation Je vous accueille dans diff\u00e9rents espaces apaisants : Le lieu exact est confirm\u00e9 lors de la prise de rendez-vous. R\u00e9ponse dans les 24h. Rester inform\u00e9(e) Recevez les prochaines dates d\u2019ateliers et des inspirations pour prendre soin de vous \ud83c\udf3f<\/p>\n","protected":false},"author":1,"featured_media":0,"parent":0,"menu_order":0,"comment_status":"closed","ping_status":"closed","template":"","meta":{"footnotes":""},"class_list":["post-37","page","type-page","status-publish","hentry"],"_links":{"self":[{"href":"https:\/\/lerefuge-soinsholistiques.be\/index.php?rest_route=\/wp\/v2\/pages\/37","targetHints":{"allow":["GET"]}}],"collection":[{"href":"https:\/\/lerefuge-soinsholistiques.be\/index.php?rest_route=\/wp\/v2\/pages"}],"about":[{"href":"https:\/\/lerefuge-soinsholistiques.be\/index.php?rest_route=\/wp\/v2\/types\/page"}],"author":[{"embeddable":true,"href":"https:\/\/lerefuge-soinsholistiques.be\/index.php?rest_route=\/wp\/v2\/users\/1"}],"replies":[{"embeddable":true,"href":"https:\/\/lerefuge-soinsholistiques.be\/index.php?rest_route=%2Fwp%2Fv2%2Fcomments&post=37"}],"version-history":[{"count":25,"href":"https:\/\/lerefuge-soinsholistiques.be\/index.php?rest_route=\/wp\/v2\/pages\/37\/revisions"}],"predecessor-version":[{"id":529,"href":"https:\/\/lerefuge-soinsholistiques.be\/index.php?rest_route=\/wp\/v2\/pages\/37\/revisions\/529"}],"wp:attachment":[{"href":"https:\/\/lerefuge-soinsholistiques.be\/index.php?rest_route=%2Fwp%2Fv2%2Fmedia&parent=37"}],"curies":[{"name":"wp","href":"https:\/\/api.w.org\/{rel}","templated":true}]}}