{"id":45,"date":"2026-03-19T21:12:52","date_gmt":"2026-03-19T21:12:52","guid":{"rendered":"https:\/\/lerefuge-soinsholistiques.be\/?page_id=45"},"modified":"2026-05-13T17:27:08","modified_gmt":"2026-05-13T15:27:08","slug":"accueil","status":"publish","type":"page","link":"https:\/\/lerefuge-soinsholistiques.be\/","title":{"rendered":"Accueil"},"content":{"rendered":"\n<p class=\"has-text-align-center\"><em>&#8220;Retrouver un Refuge en Soi.<\/em><\/p>\n\n\n\n<p class=\"has-text-align-center\"><em>Un espace de soins pour ralentir, se reconnecter \u00e0 soi et au vivant et se transformer en profondeur, au travers d&#8217;une approche adapt\u00e9e, sensible et ancr\u00e9e.&#8221;<\/em><\/p>\n\n\n<div class=\"wp-block-image\">\n<figure class=\"aligncenter size-large is-resized\"><img loading=\"lazy\" decoding=\"async\" width=\"849\" height=\"1024\" src=\"http:\/\/lerefuge-soinsholistiques.be\/wp-content\/uploads\/2026\/03\/Logo-Fab1-849x1024.png\" alt=\"\" class=\"wp-image-107\" style=\"aspect-ratio:0.8291178285009253;width:143px;height:auto\" srcset=\"https:\/\/lerefuge-soinsholistiques.be\/wp-content\/uploads\/2026\/03\/Logo-Fab1-849x1024.png 849w, https:\/\/lerefuge-soinsholistiques.be\/wp-content\/uploads\/2026\/03\/Logo-Fab1-249x300.png 249w, https:\/\/lerefuge-soinsholistiques.be\/wp-content\/uploads\/2026\/03\/Logo-Fab1-768x927.png 768w, https:\/\/lerefuge-soinsholistiques.be\/wp-content\/uploads\/2026\/03\/Logo-Fab1-1273x1536.png 1273w, https:\/\/lerefuge-soinsholistiques.be\/wp-content\/uploads\/2026\/03\/Logo-Fab1-1140x1376.png 1140w, https:\/\/lerefuge-soinsholistiques.be\/wp-content\/uploads\/2026\/03\/Logo-Fab1.png 1523w\" sizes=\"auto, (max-width: 849px) 100vw, 849px\" \/><\/figure>\n<\/div>\n\n\n<p class=\"has-text-align-center\">Je vous accompagne \u00e0 travers des s\u00e9ances de <strong>Kin\u00e9sith\u00e9rapie classique<\/strong>, des <strong>Soins Holistiques personnalis\u00e9s<\/strong>, des massages en <strong>R\u00e9flexologie Plantaire<\/strong>, des accompagnements d&#8217;exposition au froid en pleine nature, ainsi que des <strong>ateliers collectifs<\/strong> et des <strong>retraites<\/strong>, dans un cadre professionnel et s\u00e9curisant, pour vous aider \u00e0 <strong>rel\u00e2cher <\/strong>les tensions, <strong>apaiser <\/strong>le mental et vous <strong>reconnecter <\/strong>\u00e0 vous-m\u00eame.<\/p>\n\n\n\n<p class=\"has-text-align-center\">Consultations en cabinet \u00e0 Mont-sur-Marchienne, Jodoigne, Braine-l&#8217;Alleud et Sainte-C\u00e9cile (en Gaume).<\/p>\n\n\n\n<p class=\"has-text-align-center\"><\/p>\n\n\n\n<p><\/p>\n\n\n\n<p><\/p>\n\n\n\n<p class=\"has-text-align-center\">Recevez les prochaines dates d\u2019ateliers et des inspirations pour prendre soin de vous via une newsletter mensuelle.<\/p>\n\n\n\n<div class=\"wp-block-buttons has-custom-font-size has-small-font-size is-content-justification-center is-layout-flex wp-container-core-buttons-is-layout-a89b3969 wp-block-buttons-is-layout-flex\" style=\"font-style:normal;font-weight:100\">\n<div class=\"wp-block-button is-style-outline is-style-outline--1\"><a class=\"wp-block-button__link has-text-color has-link-color wp-element-button\" href=\"https:\/\/fd5b157a.sibforms.com\/serve\/MUIFACVc7fwaqW_nX8Vlp-RSU8TvDk8UQtkUviZUeM8J6PKReUyPVQuODz2NS9kLzAK51sdl8kw2bAKWY5OBhKVB99hAqf4PT71zcthiJTWyJPTc-CqTL5eD9ecsGaMg6hMCVQN3YbJCpiyTa2NLIIySvqjPhT0Q4VxU0uhM8oLYiXmxrqkmFPhX9b5CD4GFbHqMBMWGM2iZFvnrHQ==\" style=\"color:#ee3e2c\">Je m&#8217;inscris<\/a><\/div>\n<\/div>\n\n\n\n<p><\/p>\n","protected":false},"excerpt":{"rendered":"<p>&#8220;Retrouver un Refuge en Soi. Un espace de soins pour ralentir, se reconnecter \u00e0 soi et au vivant et se transformer en profondeur, au travers d&#8217;une approche adapt\u00e9e, sensible et ancr\u00e9e.&#8221; Je vous accompagne \u00e0 travers des s\u00e9ances de Kin\u00e9sith\u00e9rapie classique, des Soins Holistiques personnalis\u00e9s, des massages en R\u00e9flexologie Plantaire, des accompagnements d&#8217;exposition au froid en pleine nature, ainsi que des ateliers collectifs et des retraites, dans un cadre professionnel et s\u00e9curisant, pour vous aider \u00e0 rel\u00e2cher les tensions, apaiser le mental et vous reconnecter \u00e0 vous-m\u00eame. Consultations en cabinet \u00e0 Mont-sur-Marchienne, Jodoigne, Braine-l&#8217;Alleud et Sainte-C\u00e9cile (en Gaume). Recevez les prochaines dates d\u2019ateliers et des inspirations pour prendre soin de vous via une newsletter mensuelle.<\/p>\n","protected":false},"author":1,"featured_media":0,"parent":0,"menu_order":0,"comment_status":"closed","ping_status":"closed","template":"","meta":{"footnotes":""},"class_list":["post-45","page","type-page","status-publish","hentry"],"_links":{"self":[{"href":"https:\/\/lerefuge-soinsholistiques.be\/index.php?rest_route=\/wp\/v2\/pages\/45","targetHints":{"allow":["GET"]}}],"collection":[{"href":"https:\/\/lerefuge-soinsholistiques.be\/index.php?rest_route=\/wp\/v2\/pages"}],"about":[{"href":"https:\/\/lerefuge-soinsholistiques.be\/index.php?rest_route=\/wp\/v2\/types\/page"}],"author":[{"embeddable":true,"href":"https:\/\/lerefuge-soinsholistiques.be\/index.php?rest_route=\/wp\/v2\/users\/1"}],"replies":[{"embeddable":true,"href":"https:\/\/lerefuge-soinsholistiques.be\/index.php?rest_route=%2Fwp%2Fv2%2Fcomments&post=45"}],"version-history":[{"count":35,"href":"https:\/\/lerefuge-soinsholistiques.be\/index.php?rest_route=\/wp\/v2\/pages\/45\/revisions"}],"predecessor-version":[{"id":528,"href":"https:\/\/lerefuge-soinsholistiques.be\/index.php?rest_route=\/wp\/v2\/pages\/45\/revisions\/528"}],"wp:attachment":[{"href":"https:\/\/lerefuge-soinsholistiques.be\/index.php?rest_route=%2Fwp%2Fv2%2Fmedia&parent=45"}],"curies":[{"name":"wp","href":"https:\/\/api.w.org\/{rel}","templated":true}]}}